{"id":19,"date":"2018-12-27T16:06:15","date_gmt":"2018-12-27T15:06:15","guid":{"rendered":"https:\/\/quercusbessiere.com\/?page_id=19"},"modified":"2020-11-15T16:21:26","modified_gmt":"2020-11-15T15:21:26","slug":"about-us","status":"publish","type":"page","link":"https:\/\/quercusbessiere.com\/fr\/about-us\/","title":{"rendered":"\u00c0 propos de nous"},"content":{"rendered":"\n<figure class=\"wp-block-image size-large\"><img loading=\"lazy\" decoding=\"async\" width=\"1024\" height=\"659\" src=\"https:\/\/quercusbessiere.com\/wp-content\/uploads\/2020\/11\/20201114_141615-1024x659.jpg\" alt=\"Ludo et Jeanine Krouwel avec une pelleteuse\" class=\"wp-image-239\" srcset=\"https:\/\/quercusbessiere.com\/wp-content\/uploads\/2020\/11\/20201114_141615-1024x659.jpg 1024w, https:\/\/quercusbessiere.com\/wp-content\/uploads\/2020\/11\/20201114_141615-300x193.jpg 300w, https:\/\/quercusbessiere.com\/wp-content\/uploads\/2020\/11\/20201114_141615-768x494.jpg 768w, https:\/\/quercusbessiere.com\/wp-content\/uploads\/2020\/11\/20201114_141615-1536x988.jpg 1536w, https:\/\/quercusbessiere.com\/wp-content\/uploads\/2020\/11\/20201114_141615-2048x1318.jpg 2048w\" sizes=\"auto, (max-width: 1024px) 100vw, 1024px\" \/><\/figure>\n\n\n\n<p>Nous sommes Ludo et Jeanine Krouwel et nous sommes install\u00e9s dans le Lot et Garonne depuis 2002.<br> Ludo travaille comme jardinier\/paysagiste depuis plus de 20 ans et a acquis de l&#8217;exp\u00e9rience dans l&#8217;am\u00e9nagement paysager et l&#8217;entretien des jardins priv\u00e9s.<br> Ludo a trouv\u00e9 son amour pour le m\u00e9tier chez Groenpartners aux Pays-Bas. C&#8217;est pourquoi il a beaucoup d&#8217;exp\u00e9rience dans la construction de jardins de caract\u00e8res.<br> \u00c9tant donn\u00e9 que notre client\u00e8le comprend des propri\u00e9taires de r\u00e9sidences secondaires, nous nous sommes sp\u00e9cialis\u00e9s dans les jardins n\u00e9cessitant peu d\u2019entretien ces derni\u00e8res ann\u00e9es.<\/p>\n","protected":false},"excerpt":{"rendered":"<p>Nous sommes Ludo et Jeanine Krouwel et nous sommes install\u00e9s dans le Lot et Garonne depuis 2002. Ludo travaille comme jardinier\/paysagiste depuis plus de 20 ans et a acquis de l&#8217;exp\u00e9rience dans l&#8217;am\u00e9nagement paysager et l&#8217;entretien des jardins priv\u00e9s. Ludo a trouv\u00e9 son amour pour le m\u00e9tier chez Groenpartners aux Pays-Bas. C&#8217;est pourquoi il a [&hellip;]<\/p>\n","protected":false},"author":4,"featured_media":0,"parent":0,"menu_order":2,"comment_status":"closed","ping_status":"closed","template":"","meta":{"footnotes":""},"class_list":["post-19","page","type-page","status-publish","hentry"],"translation":{"provider":"WPGlobus","version":"3.0.2","language":"fr","enabled_languages":["en","fr","nl"],"languages":{"en":{"title":true,"content":true,"excerpt":false},"fr":{"title":true,"content":true,"excerpt":false},"nl":{"title":true,"content":true,"excerpt":false}}},"yoast_head":"<!-- This site is optimized with the Yoast SEO plugin v27.5 - https:\/\/yoast.com\/product\/yoast-seo-wordpress\/ -->\n<title>\u00c0 propos de nous - Quercus Bessi\u00e8re<\/title>\n<meta name=\"robots\" content=\"index, follow, max-snippet:-1, max-image-preview:large, max-video-preview:-1\" \/>\n<link rel=\"canonical\" href=\"https:\/\/quercusbessiere.com\/about-us\/\" \/>\n<meta property=\"og:locale\" content=\"fr_FR\" \/>\n<meta property=\"og:type\" content=\"article\" \/>\n<meta property=\"og:title\" content=\"\u00c0 propos de nous - Quercus Bessi\u00e8re\" \/>\n<meta property=\"og:url\" content=\"https:\/\/quercusbessiere.com\/about-us\/\" \/>\n<meta property=\"og:site_name\" content=\"Quercus Bessi\u00e8re\" \/>\n<meta property=\"article:modified_time\" content=\"2020-11-15T15:21:26+00:00\" \/>\n<meta property=\"og:image\" content=\"https:\/\/quercusbessiere.com\/wp-content\/uploads\/2020\/11\/20201114_141615-1024x659.jpg\" \/>\n<meta name=\"twitter:card\" content=\"summary_large_image\" \/>\n<meta name=\"twitter:label1\" content=\"Est. reading time\" \/>\n\t<meta name=\"twitter:data1\" content=\"1 minute\" \/>\n<script type=\"application\/ld+json\" class=\"yoast-schema-graph\">{\"@context\":\"https:\\\/\\\/schema.org\",\"@graph\":[{\"@type\":\"WebPage\",\"@id\":\"https:\\\/\\\/quercusbessiere.com\\\/about-us\\\/\",\"url\":\"https:\\\/\\\/quercusbessiere.com\\\/about-us\\\/\",\"name\":\"\u00c0 propos de nous - Quercus Bessi\u00e8re\",\"isPartOf\":{\"@id\":\"https:\\\/\\\/quercusbessiere.com\\\/#website\"},\"primaryImageOfPage\":{\"@id\":\"https:\\\/\\\/quercusbessiere.com\\\/about-us\\\/#primaryimage\"},\"image\":{\"@id\":\"https:\\\/\\\/quercusbessiere.com\\\/about-us\\\/#primaryimage\"},\"thumbnailUrl\":\"https:\\\/\\\/quercusbessiere.com\\\/wp-content\\\/uploads\\\/2020\\\/11\\\/20201114_141615-1024x659.jpg\",\"datePublished\":\"2018-12-27T15:06:15+00:00\",\"dateModified\":\"2020-11-15T15:21:26+00:00\",\"breadcrumb\":{\"@id\":\"https:\\\/\\\/quercusbessiere.com\\\/about-us\\\/#breadcrumb\"},\"inLanguage\":\"fr-FR\",\"potentialAction\":[{\"@type\":\"ReadAction\",\"target\":[\"https:\\\/\\\/quercusbessiere.com\\\/about-us\\\/\"]}]},{\"@type\":\"ImageObject\",\"inLanguage\":\"fr-FR\",\"@id\":\"https:\\\/\\\/quercusbessiere.com\\\/about-us\\\/#primaryimage\",\"url\":\"https:\\\/\\\/quercusbessiere.com\\\/wp-content\\\/uploads\\\/2020\\\/11\\\/20201114_141615-1024x659.jpg\",\"contentUrl\":\"https:\\\/\\\/quercusbessiere.com\\\/wp-content\\\/uploads\\\/2020\\\/11\\\/20201114_141615-1024x659.jpg\"},{\"@type\":\"BreadcrumbList\",\"@id\":\"https:\\\/\\\/quercusbessiere.com\\\/about-us\\\/#breadcrumb\",\"itemListElement\":[{\"@type\":\"ListItem\",\"position\":1,\"name\":\"Home\",\"item\":\"https:\\\/\\\/quercusbessiere.com\\\/\"},{\"@type\":\"ListItem\",\"position\":2,\"name\":\"About us\"}]},{\"@type\":\"WebSite\",\"@id\":\"https:\\\/\\\/quercusbessiere.com\\\/#website\",\"url\":\"https:\\\/\\\/quercusbessiere.com\\\/\",\"name\":\"Quercus Bessi\u00e8re\",\"description\":\"Cr\u00e9ation de jardin\",\"publisher\":{\"@id\":\"https:\\\/\\\/quercusbessiere.com\\\/#organization\"},\"potentialAction\":[{\"@type\":\"SearchAction\",\"target\":{\"@type\":\"EntryPoint\",\"urlTemplate\":\"https:\\\/\\\/quercusbessiere.com\\\/?s={search_term_string}\"},\"query-input\":{\"@type\":\"PropertyValueSpecification\",\"valueRequired\":true,\"valueName\":\"search_term_string\"}}],\"inLanguage\":\"fr-FR\"},{\"@type\":\"Organization\",\"@id\":\"https:\\\/\\\/quercusbessiere.com\\\/#organization\",\"name\":\"Quercus Bessi\u00e8re\",\"url\":\"https:\\\/\\\/quercusbessiere.com\\\/\",\"logo\":{\"@type\":\"ImageObject\",\"inLanguage\":\"fr-FR\",\"@id\":\"https:\\\/\\\/quercusbessiere.com\\\/#\\\/schema\\\/logo\\\/image\\\/\",\"url\":\"https:\\\/\\\/quercusbessiere.com\\\/wp-content\\\/uploads\\\/2018\\\/12\\\/logo2.png\",\"contentUrl\":\"https:\\\/\\\/quercusbessiere.com\\\/wp-content\\\/uploads\\\/2018\\\/12\\\/logo2.png\",\"width\":2400,\"height\":520,\"caption\":\"Quercus Bessi\u00e8re\"},\"image\":{\"@id\":\"https:\\\/\\\/quercusbessiere.com\\\/#\\\/schema\\\/logo\\\/image\\\/\"}}]}<\/script>\n<!-- \/ Yoast SEO plugin. -->","yoast_head_json":{"title":"\u00c0 propos de nous - Quercus Bessi\u00e8re","robots":{"index":"index","follow":"follow","max-snippet":"max-snippet:-1","max-image-preview":"max-image-preview:large","max-video-preview":"max-video-preview:-1"},"canonical":"https:\/\/quercusbessiere.com\/about-us\/","og_locale":"fr_FR","og_type":"article","og_title":"\u00c0 propos de nous - Quercus Bessi\u00e8re","og_url":"https:\/\/quercusbessiere.com\/about-us\/","og_site_name":"Quercus Bessi\u00e8re","article_modified_time":"2020-11-15T15:21:26+00:00","og_image":[{"url":"https:\/\/quercusbessiere.com\/wp-content\/uploads\/2020\/11\/20201114_141615-1024x659.jpg","type":"","width":"","height":""}],"twitter_card":"summary_large_image","twitter_misc":{"Est. reading time":"1 minute"},"schema":{"@context":"https:\/\/schema.org","@graph":[{"@type":"WebPage","@id":"https:\/\/quercusbessiere.com\/about-us\/","url":"https:\/\/quercusbessiere.com\/about-us\/","name":"\u00c0 propos de nous - Quercus Bessi\u00e8re","isPartOf":{"@id":"https:\/\/quercusbessiere.com\/#website"},"primaryImageOfPage":{"@id":"https:\/\/quercusbessiere.com\/about-us\/#primaryimage"},"image":{"@id":"https:\/\/quercusbessiere.com\/about-us\/#primaryimage"},"thumbnailUrl":"https:\/\/quercusbessiere.com\/wp-content\/uploads\/2020\/11\/20201114_141615-1024x659.jpg","datePublished":"2018-12-27T15:06:15+00:00","dateModified":"2020-11-15T15:21:26+00:00","breadcrumb":{"@id":"https:\/\/quercusbessiere.com\/about-us\/#breadcrumb"},"inLanguage":"fr-FR","potentialAction":[{"@type":"ReadAction","target":["https:\/\/quercusbessiere.com\/about-us\/"]}]},{"@type":"ImageObject","inLanguage":"fr-FR","@id":"https:\/\/quercusbessiere.com\/about-us\/#primaryimage","url":"https:\/\/quercusbessiere.com\/wp-content\/uploads\/2020\/11\/20201114_141615-1024x659.jpg","contentUrl":"https:\/\/quercusbessiere.com\/wp-content\/uploads\/2020\/11\/20201114_141615-1024x659.jpg"},{"@type":"BreadcrumbList","@id":"https:\/\/quercusbessiere.com\/about-us\/#breadcrumb","itemListElement":[{"@type":"ListItem","position":1,"name":"Home","item":"https:\/\/quercusbessiere.com\/"},{"@type":"ListItem","position":2,"name":"About us"}]},{"@type":"WebSite","@id":"https:\/\/quercusbessiere.com\/#website","url":"https:\/\/quercusbessiere.com\/","name":"Quercus Bessi\u00e8re","description":"Cr\u00e9ation de jardin","publisher":{"@id":"https:\/\/quercusbessiere.com\/#organization"},"potentialAction":[{"@type":"SearchAction","target":{"@type":"EntryPoint","urlTemplate":"https:\/\/quercusbessiere.com\/?s={search_term_string}"},"query-input":{"@type":"PropertyValueSpecification","valueRequired":true,"valueName":"search_term_string"}}],"inLanguage":"fr-FR"},{"@type":"Organization","@id":"https:\/\/quercusbessiere.com\/#organization","name":"Quercus Bessi\u00e8re","url":"https:\/\/quercusbessiere.com\/","logo":{"@type":"ImageObject","inLanguage":"fr-FR","@id":"https:\/\/quercusbessiere.com\/#\/schema\/logo\/image\/","url":"https:\/\/quercusbessiere.com\/wp-content\/uploads\/2018\/12\/logo2.png","contentUrl":"https:\/\/quercusbessiere.com\/wp-content\/uploads\/2018\/12\/logo2.png","width":2400,"height":520,"caption":"Quercus Bessi\u00e8re"},"image":{"@id":"https:\/\/quercusbessiere.com\/#\/schema\/logo\/image\/"}}]}},"jetpack_sharing_enabled":true,"_links":{"self":[{"href":"https:\/\/quercusbessiere.com\/fr\/wp-json\/wp\/v2\/pages\/19","targetHints":{"allow":["GET"]}}],"collection":[{"href":"https:\/\/quercusbessiere.com\/fr\/wp-json\/wp\/v2\/pages"}],"about":[{"href":"https:\/\/quercusbessiere.com\/fr\/wp-json\/wp\/v2\/types\/page"}],"author":[{"embeddable":true,"href":"https:\/\/quercusbessiere.com\/fr\/wp-json\/wp\/v2\/users\/4"}],"replies":[{"embeddable":true,"href":"https:\/\/quercusbessiere.com\/fr\/wp-json\/wp\/v2\/comments?post=19"}],"version-history":[{"count":0,"href":"https:\/\/quercusbessiere.com\/fr\/wp-json\/wp\/v2\/pages\/19\/revisions"}],"wp:attachment":[{"href":"https:\/\/quercusbessiere.com\/fr\/wp-json\/wp\/v2\/media?parent=19"}],"curies":[{"name":"wp","href":"https:\/\/api.w.org\/{rel}","templated":true}]}}