{"id":23,"date":"2018-12-27T16:38:42","date_gmt":"2018-12-27T15:38:42","guid":{"rendered":"https:\/\/quercusbessiere.com\/?page_id=23"},"modified":"2023-02-23T15:01:20","modified_gmt":"2023-02-23T14:01:20","slug":"contact-us","status":"publish","type":"page","link":"https:\/\/quercusbessiere.com\/fr\/contact-us\/","title":{"rendered":"Contactez-nous"},"content":{"rendered":"\n<p>Avez-vous des questions? Vous voulez peut-\u00eatre que nous fassions un devis ou que nous commandions un robot de piscine. Dans ce cas, vous pouvez nous contacter par e-mail, service postal ou t\u00e9l\u00e9phone:<\/p>\n\n\n\n<p>Quercus Bessi\u00e8re<br> Las Cledes<br> 47140 Penne d&#8217;Agenais<br> Lot et Garonne<br> France<br> E-mail: contact@quercusbessiere.com <br> Tel.: 055 349 21 65<\/p>\n\n\n\n<p>Penne d&#8217;Agenais se situe 15 minutes de Villeneuve sur Lot et 30 minute d&#8217;Agen.<\/p>\n\n\n\n<iframe loading=\"lazy\" src=\"https:\/\/www.google.com\/maps\/embed?pb=!1m18!1m12!1m3!1d5703.837660482171!2d0.7857236299725056!3d44.373257035384555!2m3!1f0!2f0!3f0!3m2!1i1024!2i768!4f13.1!3m3!1m2!1s0x12aba7a0c9f9b7e9%3A0x79d6e12f8c68f7a0!2sLas%20Cl%C3%A8des%2C%2047140%20Penne-d'Agenais%2C%20Frankrijk!5e0!3m2!1snl!2snl!4v1605296050814!5m2!1snl!2snl\" width=\"600\" height=\"450\" frameborder=\"0\" style=\"border:0;\" allowfullscreen=\"\" aria-hidden=\"false\" tabindex=\"0\"><\/iframe>\n","protected":false},"excerpt":{"rendered":"<p>Avez-vous des questions? Vous voulez peut-\u00eatre que nous fassions un devis ou que nous commandions un robot de piscine. Dans ce cas, vous pouvez nous contacter par e-mail, service postal ou t\u00e9l\u00e9phone: Quercus Bessi\u00e8re Las Cledes 47140 Penne d&#8217;Agenais Lot et Garonne France E-mail: contact@quercusbessiere.com Tel.: 055 349 21 65 Penne d&#8217;Agenais se situe 15 [&hellip;]<\/p>\n","protected":false},"author":4,"featured_media":0,"parent":0,"menu_order":0,"comment_status":"closed","ping_status":"closed","template":"","meta":{"footnotes":""},"class_list":["post-23","page","type-page","status-publish","hentry"],"translation":{"provider":"WPGlobus","version":"3.0.2","language":"fr","enabled_languages":["en","fr","nl"],"languages":{"en":{"title":true,"content":true,"excerpt":false},"fr":{"title":true,"content":true,"excerpt":false},"nl":{"title":true,"content":true,"excerpt":false}}},"yoast_head":"<!-- This site is optimized with the Yoast SEO plugin v27.5 - https:\/\/yoast.com\/product\/yoast-seo-wordpress\/ -->\n<title>Contactez-nous - Quercus Bessi\u00e8re<\/title>\n<meta name=\"robots\" content=\"index, follow, max-snippet:-1, max-image-preview:large, max-video-preview:-1\" \/>\n<link rel=\"canonical\" href=\"https:\/\/quercusbessiere.com\/contact-us\/\" \/>\n<meta property=\"og:locale\" content=\"fr_FR\" \/>\n<meta property=\"og:type\" content=\"article\" \/>\n<meta property=\"og:title\" content=\"Contactez-nous - Quercus Bessi\u00e8re\" \/>\n<meta property=\"og:url\" content=\"https:\/\/quercusbessiere.com\/contact-us\/\" \/>\n<meta property=\"og:site_name\" content=\"Quercus Bessi\u00e8re\" \/>\n<meta property=\"article:modified_time\" content=\"2023-02-23T14:01:20+00:00\" \/>\n<meta name=\"twitter:card\" content=\"summary_large_image\" \/>\n<meta name=\"twitter:label1\" content=\"Est. reading time\" \/>\n\t<meta name=\"twitter:data1\" content=\"1 minute\" \/>\n<script type=\"application\/ld+json\" class=\"yoast-schema-graph\">{\"@context\":\"https:\\\/\\\/schema.org\",\"@graph\":[{\"@type\":\"WebPage\",\"@id\":\"https:\\\/\\\/quercusbessiere.com\\\/contact-us\\\/\",\"url\":\"https:\\\/\\\/quercusbessiere.com\\\/contact-us\\\/\",\"name\":\"Contactez-nous - Quercus Bessi\u00e8re\",\"isPartOf\":{\"@id\":\"https:\\\/\\\/quercusbessiere.com\\\/#website\"},\"datePublished\":\"2018-12-27T15:38:42+00:00\",\"dateModified\":\"2023-02-23T14:01:20+00:00\",\"breadcrumb\":{\"@id\":\"https:\\\/\\\/quercusbessiere.com\\\/contact-us\\\/#breadcrumb\"},\"inLanguage\":\"fr-FR\",\"potentialAction\":[{\"@type\":\"ReadAction\",\"target\":[\"https:\\\/\\\/quercusbessiere.com\\\/contact-us\\\/\"]}]},{\"@type\":\"BreadcrumbList\",\"@id\":\"https:\\\/\\\/quercusbessiere.com\\\/contact-us\\\/#breadcrumb\",\"itemListElement\":[{\"@type\":\"ListItem\",\"position\":1,\"name\":\"Home\",\"item\":\"https:\\\/\\\/quercusbessiere.com\\\/\"},{\"@type\":\"ListItem\",\"position\":2,\"name\":\"Contact us\"}]},{\"@type\":\"WebSite\",\"@id\":\"https:\\\/\\\/quercusbessiere.com\\\/#website\",\"url\":\"https:\\\/\\\/quercusbessiere.com\\\/\",\"name\":\"Quercus Bessi\u00e8re\",\"description\":\"Cr\u00e9ation de jardin\",\"publisher\":{\"@id\":\"https:\\\/\\\/quercusbessiere.com\\\/#organization\"},\"potentialAction\":[{\"@type\":\"SearchAction\",\"target\":{\"@type\":\"EntryPoint\",\"urlTemplate\":\"https:\\\/\\\/quercusbessiere.com\\\/?s={search_term_string}\"},\"query-input\":{\"@type\":\"PropertyValueSpecification\",\"valueRequired\":true,\"valueName\":\"search_term_string\"}}],\"inLanguage\":\"fr-FR\"},{\"@type\":\"Organization\",\"@id\":\"https:\\\/\\\/quercusbessiere.com\\\/#organization\",\"name\":\"Quercus Bessi\u00e8re\",\"url\":\"https:\\\/\\\/quercusbessiere.com\\\/\",\"logo\":{\"@type\":\"ImageObject\",\"inLanguage\":\"fr-FR\",\"@id\":\"https:\\\/\\\/quercusbessiere.com\\\/#\\\/schema\\\/logo\\\/image\\\/\",\"url\":\"https:\\\/\\\/quercusbessiere.com\\\/wp-content\\\/uploads\\\/2018\\\/12\\\/logo2.png\",\"contentUrl\":\"https:\\\/\\\/quercusbessiere.com\\\/wp-content\\\/uploads\\\/2018\\\/12\\\/logo2.png\",\"width\":2400,\"height\":520,\"caption\":\"Quercus Bessi\u00e8re\"},\"image\":{\"@id\":\"https:\\\/\\\/quercusbessiere.com\\\/#\\\/schema\\\/logo\\\/image\\\/\"}}]}<\/script>\n<!-- \/ Yoast SEO plugin. -->","yoast_head_json":{"title":"Contactez-nous - Quercus Bessi\u00e8re","robots":{"index":"index","follow":"follow","max-snippet":"max-snippet:-1","max-image-preview":"max-image-preview:large","max-video-preview":"max-video-preview:-1"},"canonical":"https:\/\/quercusbessiere.com\/contact-us\/","og_locale":"fr_FR","og_type":"article","og_title":"Contactez-nous - Quercus Bessi\u00e8re","og_url":"https:\/\/quercusbessiere.com\/contact-us\/","og_site_name":"Quercus Bessi\u00e8re","article_modified_time":"2023-02-23T14:01:20+00:00","twitter_card":"summary_large_image","twitter_misc":{"Est. reading time":"1 minute"},"schema":{"@context":"https:\/\/schema.org","@graph":[{"@type":"WebPage","@id":"https:\/\/quercusbessiere.com\/contact-us\/","url":"https:\/\/quercusbessiere.com\/contact-us\/","name":"Contactez-nous - Quercus Bessi\u00e8re","isPartOf":{"@id":"https:\/\/quercusbessiere.com\/#website"},"datePublished":"2018-12-27T15:38:42+00:00","dateModified":"2023-02-23T14:01:20+00:00","breadcrumb":{"@id":"https:\/\/quercusbessiere.com\/contact-us\/#breadcrumb"},"inLanguage":"fr-FR","potentialAction":[{"@type":"ReadAction","target":["https:\/\/quercusbessiere.com\/contact-us\/"]}]},{"@type":"BreadcrumbList","@id":"https:\/\/quercusbessiere.com\/contact-us\/#breadcrumb","itemListElement":[{"@type":"ListItem","position":1,"name":"Home","item":"https:\/\/quercusbessiere.com\/"},{"@type":"ListItem","position":2,"name":"Contact us"}]},{"@type":"WebSite","@id":"https:\/\/quercusbessiere.com\/#website","url":"https:\/\/quercusbessiere.com\/","name":"Quercus Bessi\u00e8re","description":"Cr\u00e9ation de jardin","publisher":{"@id":"https:\/\/quercusbessiere.com\/#organization"},"potentialAction":[{"@type":"SearchAction","target":{"@type":"EntryPoint","urlTemplate":"https:\/\/quercusbessiere.com\/?s={search_term_string}"},"query-input":{"@type":"PropertyValueSpecification","valueRequired":true,"valueName":"search_term_string"}}],"inLanguage":"fr-FR"},{"@type":"Organization","@id":"https:\/\/quercusbessiere.com\/#organization","name":"Quercus Bessi\u00e8re","url":"https:\/\/quercusbessiere.com\/","logo":{"@type":"ImageObject","inLanguage":"fr-FR","@id":"https:\/\/quercusbessiere.com\/#\/schema\/logo\/image\/","url":"https:\/\/quercusbessiere.com\/wp-content\/uploads\/2018\/12\/logo2.png","contentUrl":"https:\/\/quercusbessiere.com\/wp-content\/uploads\/2018\/12\/logo2.png","width":2400,"height":520,"caption":"Quercus Bessi\u00e8re"},"image":{"@id":"https:\/\/quercusbessiere.com\/#\/schema\/logo\/image\/"}}]}},"jetpack_sharing_enabled":true,"_links":{"self":[{"href":"https:\/\/quercusbessiere.com\/fr\/wp-json\/wp\/v2\/pages\/23","targetHints":{"allow":["GET"]}}],"collection":[{"href":"https:\/\/quercusbessiere.com\/fr\/wp-json\/wp\/v2\/pages"}],"about":[{"href":"https:\/\/quercusbessiere.com\/fr\/wp-json\/wp\/v2\/types\/page"}],"author":[{"embeddable":true,"href":"https:\/\/quercusbessiere.com\/fr\/wp-json\/wp\/v2\/users\/4"}],"replies":[{"embeddable":true,"href":"https:\/\/quercusbessiere.com\/fr\/wp-json\/wp\/v2\/comments?post=23"}],"version-history":[{"count":3,"href":"https:\/\/quercusbessiere.com\/fr\/wp-json\/wp\/v2\/pages\/23\/revisions"}],"predecessor-version":[{"id":317,"href":"https:\/\/quercusbessiere.com\/fr\/wp-json\/wp\/v2\/pages\/23\/revisions\/317"}],"wp:attachment":[{"href":"https:\/\/quercusbessiere.com\/fr\/wp-json\/wp\/v2\/media?parent=23"}],"curies":[{"name":"wp","href":"https:\/\/api.w.org\/{rel}","templated":true}]}}